{"id":15,"date":"2024-08-19T11:24:43","date_gmt":"2024-08-19T11:24:43","guid":{"rendered":"https:\/\/kiel-reinigung.de\/?page_id=15"},"modified":"2024-08-29T05:33:42","modified_gmt":"2024-08-29T05:33:42","slug":"datenschutzerklaerung","status":"publish","type":"page","link":"https:\/\/kiel-reinigung.de\/?page_id=15","title":{"rendered":"Datenschutzerkl\u00e4rung"},"content":{"rendered":"\n<div class=\"wp-block-columns is-layout-flex wp-container-core-columns-is-layout-fe45859a wp-block-columns-is-layout-flex\" style=\"margin-top:100px\">\n<div class=\"wp-block-column is-layout-flow wp-block-column-is-layout-flow\"><\/div>\n\n\n\n<div class=\"wp-block-column is-layout-flow wp-block-column-is-layout-flow\" style=\"padding-right:30px;padding-left:30px;flex-basis:600px\">\n<h3 class=\"wp-block-heading has-text-align-left has-text-color\" style=\"color:#45423f\">Datenschutzerkl\u00e4rung<\/h3>\n\n\n\n<p><\/p>\n\n\n\n<h4 class=\"wp-block-heading\"><\/h4>\n\n\n\n<p>In dieser Datenschutzerkl\u00e4rung wird beschrieben, wie Ihre personenbezogenen Daten erfasst, verwendet und weitergegeben werden, wenn Sie unsere Webseite nutzen.<\/p>\n\n\n\n<p><strong>VON UNS ERFASSTE PERSONENBEZOGENE DATEN<\/strong><br>Wenn Sie die Website besuchen, erfassen wir automatisch bestimmte Informationen \u00fcber Ihr Ger\u00e4t, darunter Informationen zum Webbrowser, der IP-Adresse, der Zeitzone und einigen der Cookies, die auf Ihrem Ger\u00e4t installiert sind. Wenn Sie auf der Website navigieren, erfassen wir au\u00dferdem Informationen zu den einzelnen Webseiten oder Produkten, die Sie aufrufen, zu den Websites oder Suchbegriffen, die Sie auf die Website gef\u00fchrt haben, sowie Informationen dar\u00fcber, wie Sie mit der Website interagieren. Wir bezeichnen diese automatisch erfassten Informationen als &#8222;Ger\u00e4teinformationen&#8220;.<\/p>\n\n\n\n<p>Wir erfassen Ger\u00e4teinformationen mithilfe der folgenden Technologien:<\/p>\n\n\n\n<pre class=\"wp-block-code\"><code>- \"Cookies\" sind Datendateien, die auf einem Ger\u00e4t oder Computer gespeichert werden und h\u00e4ufig eine anonyme eindeutige Kennung enthalten. Weitere Informationen zu Cookies und zum Deaktivieren von Cookies sind unter http:\/\/www.allaboutcookies.org zu finden.\n- \"Protokolldateien\" protokollieren Aktionen auf der Website und erfassen Daten wie IP-Adresse, Browsertyp, Internetdienstanbieter, verweisende\/Ausstiegsseiten sowie Datums-\/Uhrzeitstempel.\n- \"Web Beacons\", \"Tags\" und \"Pixel\" sind elektronische Dateien zur Erfassung von Informationen dazu, wie Sie auf der Website navigieren.\n<\/code><\/pre>\n\n\n\n<p><\/p>\n\n\n\n<p>Mit &#8222;personenbezogene Daten&#8220; in dieser Datenschutzerkl\u00e4rung bezeichnen wir sowohl Ger\u00e4teinformationen als auch Bestellinformationen.<\/p>\n\n\n\n<p><strong>WIE VERWENDEN WIR IHRE PERSONENBEZOGENEN DATEN?<\/strong><\/p>\n\n\n\n<p>Wir verwenden die von uns erfassten Bestellinformationen in der Regel zur Ausf\u00fchrung von Bestellungen, die wir \u00fcber die Website erhalten (unter anderem zur Verarbeitung Ihrer Zahlungsinformationen, Versandbereitstellung und Zusendung von Rechnungen und\/oder Bestellbest\u00e4tigungen).<\/p>\n\n\n\n<p>Au\u00dferdem verwenden wir diese Bestellinformation zur:<\/p>\n\n\n\n<p>Kommunikation mit Ihnen;<br>Pr\u00fcfung unserer Bestellungen auf potenzielle Risiken oder Betrug und<\/p>\n\n\n\n<p>Bereitstellung von Informationen oder Werbung im Zusammenhang mit unseren Produkten oder Dienstleistungen an Sie, sofern dies mit Ihren Datenschutzeinstellungen im Einklang steht.<br><br>Wir verwenden die von uns erfassten Ger\u00e4teinformationen f\u00fcr die Pr\u00fcfung auf potenzielle Risiken und Betrug (insbesondere Ihre IP-Adresse) und allgemein zur Verbesserung und Optimierung unserer Website (z.B. mithilfe von Analysen zum Navigationsverhalten unserer Kunden und ihrer Interaktion mit der Website sowie zum Beurteilen des Erfolgs unserer Marketing- und Werbekampagnen).<br><\/p>\n\n\n\n<p>Wir geben Ihre personenbezogenen Daten an Dritte weiter, die uns bei der Verwendung Ihrer personenbezogenen Daten wie oben beschrieben unterst\u00fctzen. <\/p>\n\n\n\n<p>Schlie\u00dflich k\u00f6nnen wir Ihre personenbezogenen Daten auch weitergeben, um geltende Gesetze und Vorschriften einzuhalten, um auf eine Vorladung, einen Durchsuchungsbefehl oder eine andere rechtm\u00e4\u00dfige Anfrage nach Informationen, die wir erhalten, zu reagieren oder um unsere Rechte anderweitig zu sch\u00fctzen.<br><br>Wie oben beschrieben verwenden wir Ihre personenbezogenen Daten, um Ihnen zielgerichtete Werbung oder Marketingmitteilungen zur Verf\u00fcgung zu stellen, von denen wir glauben, dass sie f\u00fcr Sie von Interesse sein k\u00f6nnten. Weitere Informationen dar\u00fcber, wie zielgerichtete Werbung funktioniert, finden Sie auf der Aufkl\u00e4rungsseite der Network Advertising Initiative (&#8222;NAI&#8220;) unter http:\/\/www.networkadvertising.org\/understanding-online-advertising\/how-does-it-work.<\/p>\n\n\n\n<p><strong>DO NOT TRACK<\/strong><br>Wir weisen Sie darauf hin, dass wir die Datenerfassungs- und -nutzungsverfahren unserer Website nicht \u00e4ndern, wenn wir von Ihrem Browser ein &#8222;Do Not Track&#8220;-Signal erhalten.<\/p>\n\n\n\n<p><strong>IHRE RECHTE<\/strong><br>Wenn Sie in Europa ans\u00e4ssig sind, haben Sie das Recht, auf die personenbezogenen Daten, die wir \u00fcber Sie besitzen, zuzugreifen und deren Korrektur, Aktualisierung oder L\u00f6schung zu fordern. Wenn Sie dieses Recht aus\u00fcben m\u00f6chten, setzen Sie sich \u00fcber die nachstehenden Kontaktdaten mit uns in Verbindung.<br>Falls Sie in Europa ans\u00e4ssig sind, weisen wir au\u00dferdem darauf hin, dass wir Ihre Daten verarbeiten, um Vertr\u00e4ge mit Ihnen zu erf\u00fcllen (z. B. wenn Sie \u00fcber die Website eine Bestellung aufgeben) oder um unsere oben genannten berechtigten Gesch\u00e4ftsinteressen zu verfolgen. Bitte beachten Sie au\u00dferdem, dass Ihre Daten au\u00dferhalb von Europa, einschlie\u00dflich Kanada und den Vereinigten Staaten, \u00fcbertragen werden.<\/p>\n\n\n\n<p><strong>AUFBEWAHRUNG VON DATEN<\/strong><br>Wenn Sie eine Bestellung \u00fcber die Website aufgeben, bewahren wir Ihre Bestellinformationen f\u00fcr unsere Aufzeichnungen auf, sofern Sie uns nicht auffordern, diese Daten zu l\u00f6schen.<\/p>\n\n\n\n<p><strong>\u00c4NDERUNGEN<\/strong><br>Wir k\u00f6nnen diese Datenschutzerkl\u00e4rung gelegentlich \u00e4ndern, um \u00c4nderungen unserer Vorgehensweisen zu ber\u00fccksichtigen, oder aus anderen betrieblichen, rechtlichen oder aufsichtsrechtlichen Gr\u00fcnden.<\/p>\n\n\n\n<p><strong>INFORMATIONEN \u00dcBER UNS ALS VERANTWORTLICHE<\/strong><br>Verantwortlicher Anbieter dieses Internetauftritts im datenschutzrechtlichen Sinne ist:<\/p>\n\n\n\n<p>Steffen Geb\u00e4udemanagement<br>Veer\u00dfer Str. 59<br>29525 Uelzen<br>Deutschland<\/p>\n\n\n\n<p>Telefon: 0581 &#8211; 3897460<br>E-Mail: info@steffen-gm.de<\/p>\n\n\n\n<p><strong>Datenschutzbeauftragte\/r beim Anbieter ist:<\/strong><\/p>\n\n\n\n<p>Benjamin Steffen<br>Margarete-Wolf-Schlemm-Str.11<br>29525 Uelzen<br>Deutschland<\/p>\n\n\n\n<p>Telefon: 0581 &#8211; 3897460<br>E-Mail: info@steffen-gm.de<\/p>\n\n\n\n<p><strong>KONTAKT<\/strong><br>Wenn Sie weitere Informationen zu unseren Datenschutzverfahren ben\u00f6tigen, Fragen haben oder eine Beschwerde einreichen m\u00f6chten, kontaktieren Sie uns per E-Mail an <a href=\"mailto:info@steffen-gm.de\">info@steffen-gm.de<\/a> oder per Post an die unten genannte Adresse:<\/p>\n\n\n\n<p>Steffen Geb\u00e4udemanagement<br>Veer\u00dfer Str. 59<br>29525 Uelzen<\/p>\n\n\n\n<p class=\"has-text-align-left has-text-color\" style=\"color:#0086c8\"><\/p>\n\n\n\n<p><\/p>\n\n\n\n<p><\/p>\n<\/div>\n\n\n\n<div class=\"wp-block-column is-layout-flow wp-block-column-is-layout-flow\" style=\"flex-basis:170px\">\n<p class=\"has-text-align-center has-text-color\" style=\"color:#0086c8\"><\/p>\n<\/div>\n\n\n\n<div class=\"wp-block-column is-layout-flow wp-block-column-is-layout-flow\" style=\"flex-basis:300px\">\n<p class=\"has-text-align-center has-text-color\" style=\"color:#0086c8\"><\/p>\n<\/div>\n\n\n\n<div class=\"wp-block-column is-layout-flow wp-block-column-is-layout-flow\"><\/div>\n<\/div>\n\n\n\n<div class=\"wp-block-columns is-layout-flex wp-container-core-columns-is-layout-f2dca054 wp-block-columns-is-layout-flex\" style=\"margin-top:50px\">\n<div class=\"wp-block-column is-layout-flow wp-block-column-is-layout-flow\"><\/div>\n\n\n\n<div class=\"wp-block-column is-layout-flow wp-block-column-is-layout-flow\"><\/div>\n<\/div>\n\n\n\n<h4 class=\"wp-block-heading\"><\/h4>\n\n\n\n<div class=\"wp-block-columns is-layout-flex wp-container-core-columns-is-layout-f2dca054 wp-block-columns-is-layout-flex\" style=\"margin-top:50px\">\n<div class=\"wp-block-column is-layout-flow wp-block-column-is-layout-flow\"><\/div>\n\n\n\n<div class=\"wp-block-column is-layout-flow wp-block-column-is-layout-flow\"><\/div>\n<\/div>\n\n\n","protected":false},"excerpt":{"rendered":"<p>Datenschutzerkl\u00e4rung In dieser Datenschutzerkl\u00e4rung wird beschrieben, wie Ihre personenbezogenen Daten erfasst, verwendet und weitergegeben werden, wenn Sie unsere Webseite nutzen. VON UNS ERFASSTE PERSONENBEZOGENE DATENWenn Sie die Website besuchen, erfassen wir automatisch bestimmte Informationen \u00fcber Ihr Ger\u00e4t, darunter Informationen zum Webbrowser, der IP-Adresse, der Zeitzone und einigen der Cookies, die auf Ihrem Ger\u00e4t installiert sind.&hellip;&nbsp;<a href=\"https:\/\/kiel-reinigung.de\/?page_id=15\" class=\"\" rel=\"bookmark\">Weiterlesen &raquo;<span class=\"screen-reader-text\">Datenschutzerkl\u00e4rung<\/span><\/a><\/p>\n","protected":false},"author":1,"featured_media":0,"parent":0,"menu_order":0,"comment_status":"closed","ping_status":"closed","template":"","meta":{"neve_meta_sidebar":"","neve_meta_container":"","neve_meta_enable_content_width":"","neve_meta_content_width":0,"neve_meta_title_alignment":"","neve_meta_author_avatar":"","neve_post_elements_order":"","neve_meta_disable_header":"","neve_meta_disable_footer":"on","neve_meta_disable_title":"on","footnotes":""},"class_list":["post-15","page","type-page","status-publish","hentry"],"yoast_head":"<!-- This site is optimized with the Yoast SEO plugin v23.2 - https:\/\/yoast.com\/wordpress\/plugins\/seo\/ -->\n<title>Datenschutzerkl\u00e4rung - Kiel-Reinigung<\/title>\n<meta name=\"robots\" content=\"index, follow, max-snippet:-1, max-image-preview:large, max-video-preview:-1\" \/>\n<link rel=\"canonical\" href=\"https:\/\/kiel-reinigung.de\/?page_id=15\" \/>\n<meta property=\"og:locale\" content=\"de_DE\" \/>\n<meta property=\"og:type\" content=\"article\" \/>\n<meta property=\"og:title\" content=\"Datenschutzerkl\u00e4rung - Kiel-Reinigung\" \/>\n<meta property=\"og:description\" content=\"Datenschutzerkl\u00e4rung In dieser Datenschutzerkl\u00e4rung wird beschrieben, wie Ihre personenbezogenen Daten erfasst, verwendet und weitergegeben werden, wenn Sie unsere Webseite nutzen. VON UNS ERFASSTE PERSONENBEZOGENE DATENWenn Sie die Website besuchen, erfassen wir automatisch bestimmte Informationen \u00fcber Ihr Ger\u00e4t, darunter Informationen zum Webbrowser, der IP-Adresse, der Zeitzone und einigen der Cookies, die auf Ihrem Ger\u00e4t installiert sind.&hellip;&nbsp;Weiterlesen &raquo;Datenschutzerkl\u00e4rung\" \/>\n<meta property=\"og:url\" content=\"https:\/\/kiel-reinigung.de\/?page_id=15\" \/>\n<meta property=\"og:site_name\" content=\"Kiel-Reinigung\" \/>\n<meta property=\"article:modified_time\" content=\"2024-08-29T05:33:42+00:00\" \/>\n<meta name=\"twitter:card\" content=\"summary_large_image\" \/>\n<meta name=\"twitter:label1\" content=\"Gesch\u00e4tzte Lesezeit\" \/>\n\t<meta name=\"twitter:data1\" content=\"7\u00a0Minuten\" \/>\n<script type=\"application\/ld+json\" class=\"yoast-schema-graph\">{\"@context\":\"https:\/\/schema.org\",\"@graph\":[{\"@type\":\"WebPage\",\"@id\":\"https:\/\/kiel-reinigung.de\/?page_id=15\",\"url\":\"https:\/\/kiel-reinigung.de\/?page_id=15\",\"name\":\"Datenschutzerkl\u00e4rung - Kiel-Reinigung\",\"isPartOf\":{\"@id\":\"https:\/\/kiel-reinigung.de\/#website\"},\"datePublished\":\"2024-08-19T11:24:43+00:00\",\"dateModified\":\"2024-08-29T05:33:42+00:00\",\"breadcrumb\":{\"@id\":\"https:\/\/kiel-reinigung.de\/?page_id=15#breadcrumb\"},\"inLanguage\":\"de\",\"potentialAction\":[{\"@type\":\"ReadAction\",\"target\":[\"https:\/\/kiel-reinigung.de\/?page_id=15\"]}]},{\"@type\":\"BreadcrumbList\",\"@id\":\"https:\/\/kiel-reinigung.de\/?page_id=15#breadcrumb\",\"itemListElement\":[{\"@type\":\"ListItem\",\"position\":1,\"name\":\"Startseite\",\"item\":\"https:\/\/kiel-reinigung.de\/\"},{\"@type\":\"ListItem\",\"position\":2,\"name\":\"Datenschutzerkl\u00e4rung\"}]},{\"@type\":\"WebSite\",\"@id\":\"https:\/\/kiel-reinigung.de\/#website\",\"url\":\"https:\/\/kiel-reinigung.de\/\",\"name\":\"Kiel-Reinigung\",\"description\":\"\",\"potentialAction\":[{\"@type\":\"SearchAction\",\"target\":{\"@type\":\"EntryPoint\",\"urlTemplate\":\"https:\/\/kiel-reinigung.de\/?s={search_term_string}\"},\"query-input\":\"required name=search_term_string\"}],\"inLanguage\":\"de\"}]}<\/script>\n<!-- \/ Yoast SEO plugin. -->","yoast_head_json":{"title":"Datenschutzerkl\u00e4rung - Kiel-Reinigung","robots":{"index":"index","follow":"follow","max-snippet":"max-snippet:-1","max-image-preview":"max-image-preview:large","max-video-preview":"max-video-preview:-1"},"canonical":"https:\/\/kiel-reinigung.de\/?page_id=15","og_locale":"de_DE","og_type":"article","og_title":"Datenschutzerkl\u00e4rung - Kiel-Reinigung","og_description":"Datenschutzerkl\u00e4rung In dieser Datenschutzerkl\u00e4rung wird beschrieben, wie Ihre personenbezogenen Daten erfasst, verwendet und weitergegeben werden, wenn Sie unsere Webseite nutzen. VON UNS ERFASSTE PERSONENBEZOGENE DATENWenn Sie die Website besuchen, erfassen wir automatisch bestimmte Informationen \u00fcber Ihr Ger\u00e4t, darunter Informationen zum Webbrowser, der IP-Adresse, der Zeitzone und einigen der Cookies, die auf Ihrem Ger\u00e4t installiert sind.&hellip;&nbsp;Weiterlesen &raquo;Datenschutzerkl\u00e4rung","og_url":"https:\/\/kiel-reinigung.de\/?page_id=15","og_site_name":"Kiel-Reinigung","article_modified_time":"2024-08-29T05:33:42+00:00","twitter_card":"summary_large_image","twitter_misc":{"Gesch\u00e4tzte Lesezeit":"7\u00a0Minuten"},"schema":{"@context":"https:\/\/schema.org","@graph":[{"@type":"WebPage","@id":"https:\/\/kiel-reinigung.de\/?page_id=15","url":"https:\/\/kiel-reinigung.de\/?page_id=15","name":"Datenschutzerkl\u00e4rung - Kiel-Reinigung","isPartOf":{"@id":"https:\/\/kiel-reinigung.de\/#website"},"datePublished":"2024-08-19T11:24:43+00:00","dateModified":"2024-08-29T05:33:42+00:00","breadcrumb":{"@id":"https:\/\/kiel-reinigung.de\/?page_id=15#breadcrumb"},"inLanguage":"de","potentialAction":[{"@type":"ReadAction","target":["https:\/\/kiel-reinigung.de\/?page_id=15"]}]},{"@type":"BreadcrumbList","@id":"https:\/\/kiel-reinigung.de\/?page_id=15#breadcrumb","itemListElement":[{"@type":"ListItem","position":1,"name":"Startseite","item":"https:\/\/kiel-reinigung.de\/"},{"@type":"ListItem","position":2,"name":"Datenschutzerkl\u00e4rung"}]},{"@type":"WebSite","@id":"https:\/\/kiel-reinigung.de\/#website","url":"https:\/\/kiel-reinigung.de\/","name":"Kiel-Reinigung","description":"","potentialAction":[{"@type":"SearchAction","target":{"@type":"EntryPoint","urlTemplate":"https:\/\/kiel-reinigung.de\/?s={search_term_string}"},"query-input":"required name=search_term_string"}],"inLanguage":"de"}]}},"_links":{"self":[{"href":"https:\/\/kiel-reinigung.de\/index.php?rest_route=\/wp\/v2\/pages\/15","targetHints":{"allow":["GET"]}}],"collection":[{"href":"https:\/\/kiel-reinigung.de\/index.php?rest_route=\/wp\/v2\/pages"}],"about":[{"href":"https:\/\/kiel-reinigung.de\/index.php?rest_route=\/wp\/v2\/types\/page"}],"author":[{"embeddable":true,"href":"https:\/\/kiel-reinigung.de\/index.php?rest_route=\/wp\/v2\/users\/1"}],"replies":[{"embeddable":true,"href":"https:\/\/kiel-reinigung.de\/index.php?rest_route=%2Fwp%2Fv2%2Fcomments&post=15"}],"version-history":[{"count":1,"href":"https:\/\/kiel-reinigung.de\/index.php?rest_route=\/wp\/v2\/pages\/15\/revisions"}],"predecessor-version":[{"id":16,"href":"https:\/\/kiel-reinigung.de\/index.php?rest_route=\/wp\/v2\/pages\/15\/revisions\/16"}],"wp:attachment":[{"href":"https:\/\/kiel-reinigung.de\/index.php?rest_route=%2Fwp%2Fv2%2Fmedia&parent=15"}],"curies":[{"name":"wp","href":"https:\/\/api.w.org\/{rel}","templated":true}]}}