{"id":21,"date":"2024-08-19T11:37:40","date_gmt":"2024-08-19T11:37:40","guid":{"rendered":"https:\/\/kiel-reinigung.de\/?page_id=21"},"modified":"2024-10-09T06:43:13","modified_gmt":"2024-10-09T06:43:13","slug":"glasreinigung","status":"publish","type":"page","link":"https:\/\/kiel-reinigung.de\/?page_id=21","title":{"rendered":"Glasreinigung"},"content":{"rendered":"<div class=\"n2_clear\"><ss3-force-full-width data-overflow-x=\"body\" data-horizontal-selector=\"body\"><div class=\"n2-section-smartslider fitvidsignore  n2_clear\" data-ssid=\"5\" tabindex=\"0\" role=\"region\" aria-label=\"Slider\"><div id=\"n2-ss-5-align\" class=\"n2-ss-align\"><div class=\"n2-padding\"><div id=\"n2-ss-5\" data-creator=\"Smart Slider 3\" data-responsive=\"fullwidth\" class=\"n2-ss-slider n2-ow n2-has-hover n2notransition  \">\n        <div class=\"n2-ss-slider-1 n2_ss__touch_element n2-ow\">\n            <div class=\"n2-ss-slider-2 n2-ow\">\n                                                <div class=\"n2-ss-slider-3 n2-ow\">\n\n                    <div class=\"n2-ss-slide-backgrounds n2-ow-all\"><div class=\"n2-ss-slide-background\" data-public-id=\"1\" data-mode=\"fill\"><div class=\"n2-ss-slide-background-image\" data-blur=\"0\" data-opacity=\"100\" data-x=\"64\" data-y=\"51\" data-alt=\"\" data-title=\"\" style=\"--ss-o-pos-x:64%;--ss-o-pos-y:51%\"><picture class=\"skip-lazy jetpack-lazy-image\" data-skip-lazy=\"1\"><img decoding=\"async\" src=\"\/\/kiel-reinigung.de\/wp-content\/uploads\/2024\/08\/Glasreinigung-Bild-3.jpg\" alt=\"\" title=\"\" loading=\"lazy\" class=\"skip-lazy jetpack-lazy-image\" data-skip-lazy=\"1\"><\/picture><\/div><div data-color=\"RGBA(255,255,255,0)\" style=\"background-color: RGBA(255,255,255,0);\" class=\"n2-ss-slide-background-color\"><\/div><\/div><\/div>                    <div class=\"n2-ss-slider-4 n2-ow\">\n                        <svg xmlns=\"http:\/\/www.w3.org\/2000\/svg\" viewBox=\"0 0 1200 600\" data-related-device=\"desktopPortrait\" class=\"n2-ow n2-ss-preserve-size n2-ss-preserve-size--slider n2-ss-slide-limiter\"><\/svg><div data-first=\"1\" data-slide-duration=\"0\" data-id=\"7\" data-slide-public-id=\"1\" data-title=\"Slide\" class=\"n2-ss-slide n2-ow  n2-ss-slide-7\"><div role=\"note\" class=\"n2-ss-slide--focus\" tabindex=\"-1\">Slide<\/div><div class=\"n2-ss-layers-container n2-ss-slide-limiter n2-ow\"><div class=\"n2-ss-layer n2-ow n-uc-cwyxqvcOLuL2\" data-sstype=\"slide\" data-pm=\"default\"><div class=\"n2-ss-layer n2-ow n-uc-eIyQugOlAkPV\" data-pm=\"default\" data-sstype=\"content\" data-hasbackground=\"0\"><div class=\"n2-ss-section-main-content n2-ss-layer-with-background n2-ss-layer-content n2-ow n-uc-eIyQugOlAkPV-inner\"><div class=\"n2-ss-layer n2-ow n-uc-0LNY2spz5RyI\" data-pm=\"absolute\" data-responsiveposition=\"1\" data-desktopportraitleft=\"-274\" data-desktopportraittop=\"-48\" data-responsivesize=\"1\" data-desktopportraitwidth=\"527\" data-desktopportraitheight=\"auto\" data-desktopportraitalign=\"center\" data-desktopportraitvalign=\"middle\" data-parentid=\"\" data-desktopportraitparentalign=\"center\" data-desktopportraitparentvalign=\"middle\" data-sstype=\"layer\"><div class=\"n2-ss-item-content n2-ss-text n2-ow-all\"><div class=\"\"><p class=\"n2-font-93b3bb91136eb59a63df085d34f25ae7-paragraph   \">Wir sorgen bei<br \/>\nIhnen f\u00fcr freie Sicht!<\/p>\n<\/div><\/div><\/div><div class=\"n2-ss-layer n2-ow n-uc-8XcEBQmvYw5o\" data-pm=\"absolute\" data-responsiveposition=\"1\" data-desktopportraitleft=\"-220\" data-desktopportraittop=\"95\" data-responsivesize=\"1\" data-desktopportraitwidth=\"634\" data-desktopportraitheight=\"auto\" data-desktopportraitalign=\"center\" data-desktopportraitvalign=\"middle\" data-parentid=\"\" data-desktopportraitparentalign=\"center\" data-desktopportraitparentvalign=\"middle\" data-sstype=\"layer\"><div class=\"n2-ss-item-content n2-ss-text n2-ow-all\"><div class=\"\"><p class=\"n2-font-596b777c187880536fc4a7b81d33aa1e-paragraph   \">Reinigung aller Arten von Glasfl\u00e4chen &#8230;<br \/>\nganz egal in welchem Umfang<\/p>\n<\/div><\/div><\/div><div class=\"n2-ss-layer n2-ow n-uc-tulLRgrJRVjD n2-ss-layer--auto\" data-pm=\"absolute\" data-responsiveposition=\"1\" data-desktopportraitleft=\"-475\" data-desktopportraittop=\"191\" data-responsivesize=\"1\" data-desktopportraitwidth=\"125\" data-desktopportraitheight=\"auto\" data-desktopportraitalign=\"center\" data-desktopportraitvalign=\"middle\" data-parentid=\"\" data-desktopportraitparentalign=\"center\" data-desktopportraitparentvalign=\"middle\" data-sstype=\"layer\"><div class=\"n2-ss-button-container n2-ss-item-content n2-ow n2-font-176464dee0eea5b1ac11b21dab9b24d2-link  n2-ss-nowrap n2-ss-button-container--non-full-width\"><a class=\"n2-style-38e92268869a8666efc8e1a8b0eebfdb-heading  n2-ow \" href=\"tel:+495813897460\"><div><div>ANRUFEN<\/div><\/div><\/a><\/div><\/div><div class=\"n2-ss-layer n2-ow n-uc-9eftfngPDOce n2-ss-layer--auto\" data-pm=\"absolute\" data-responsiveposition=\"1\" data-desktopportraitleft=\"-296\" data-desktopportraittop=\"191\" data-responsivesize=\"1\" data-desktopportraitwidth=\"186\" data-desktopportraitheight=\"auto\" data-desktopportraitalign=\"center\" data-desktopportraitvalign=\"middle\" data-parentid=\"\" data-desktopportraitparentalign=\"center\" data-desktopportraitparentvalign=\"middle\" data-sstype=\"layer\"><div class=\"n2-ss-button-container n2-ss-item-content n2-ow n2-font-176464dee0eea5b1ac11b21dab9b24d2-link  n2-ss-nowrap n2-ss-button-container--non-full-width\"><a class=\"n2-style-65b8525480f6bd30e710d4706e112bb7-heading  n2-ow \" href=\"mailto:info@kiel-reinigung.de\"><div><div>ANFRAGE PER MAIL<\/div><\/div><\/a><\/div><\/div><\/div><\/div><\/div><\/div><\/div>                    <\/div>\n\n                                    <\/div>\n            <\/div>\n        <\/div>\n        <\/div><ss3-loader><\/ss3-loader><\/div><\/div><div class=\"n2_clear\"><\/div><\/div><\/ss3-force-full-width><\/div>\n\n\n<div style=\"height:80px\" aria-hidden=\"true\" class=\"wp-block-spacer\"><\/div>\n\n\n\n<div class=\"wp-block-columns is-layout-flex wp-container-core-columns-is-layout-9d6595d7 wp-block-columns-is-layout-flex\">\n<div class=\"wp-block-column is-layout-flow wp-block-column-is-layout-flow\"><\/div>\n\n\n\n<div class=\"wp-block-column is-layout-flow wp-block-column-is-layout-flow\" style=\"padding-right:30px;padding-left:30px;flex-basis:600px\">\n<h3 class=\"wp-block-heading has-text-align-left has-text-color\" style=\"color:#45423f\">Glasreinigung<\/h3>\n\n\n\n<p><\/p>\n\n\n\n<p>Die Fenster sind die Visitenkarte Ihrer Immobilie. Unsere Fensterreinigung sorgt f\u00fcr ein sauberes Erscheinungsbild. Ein flexibler Einsatz, eine kurzfristige Terminvereinbarung und professionelle Reinigungsger\u00e4te sorgen daf\u00fcr dass es bei Ihnen wieder gl\u00e4nzt. <\/p>\n\n\n\n<p>Ob Innen oder Au\u00dfen und mit oder ohne Rahmen &#8230; wir verwenden f\u00fcr alles das richtige Reinigungsmittel.  <\/p>\n\n\n\n<p class=\"has-text-align-left has-text-color\" style=\"color:#0086c8\"><\/p>\n\n\n\n<div class=\"wp-block-buttons is-layout-flex wp-block-buttons-is-layout-flex\" style=\"margin-top:50px\">\n<div class=\"wp-block-button\"><a class=\"wp-block-button__link wp-element-button\" href=\"https:\/\/www.kiel-reinigung.de\">Zur\u00fcck<\/a><\/div>\n<\/div>\n\n\n\n<div class=\"wp-block-columns is-layout-flex wp-container-core-columns-is-layout-fe45859a wp-block-columns-is-layout-flex\" style=\"margin-top:100px\">\n<div class=\"wp-block-column is-layout-flow wp-block-column-is-layout-flow\"><\/div>\n\n\n\n<div class=\"wp-block-column is-layout-flow wp-block-column-is-layout-flow\"><\/div>\n<\/div>\n\n\n\n<p><\/p>\n<\/div>\n\n\n\n<div class=\"wp-block-column is-layout-flow wp-block-column-is-layout-flow\" style=\"flex-basis:170px\">\n<p class=\"has-text-align-center has-text-color\" style=\"color:#0086c8\"><\/p>\n<\/div>\n\n\n\n<div class=\"wp-block-column is-layout-flow wp-block-column-is-layout-flow\" style=\"flex-basis:300px\">\n<p class=\"has-text-align-center has-text-color\" style=\"color:#0086c8\"><\/p>\n<\/div>\n\n\n\n<div class=\"wp-block-column is-layout-flow wp-block-column-is-layout-flow\"><\/div>\n<\/div>\n\n\n","protected":false},"excerpt":{"rendered":"<p>Glasreinigung Die Fenster sind die Visitenkarte Ihrer Immobilie. Unsere Fensterreinigung sorgt f\u00fcr ein sauberes Erscheinungsbild. Ein flexibler Einsatz, eine kurzfristige Terminvereinbarung und professionelle Reinigungsger\u00e4te sorgen daf\u00fcr dass es bei Ihnen wieder gl\u00e4nzt. Ob Innen oder Au\u00dfen und mit oder ohne Rahmen &#8230; wir verwenden f\u00fcr alles das richtige Reinigungsmittel.<\/p>\n","protected":false},"author":1,"featured_media":0,"parent":0,"menu_order":0,"comment_status":"closed","ping_status":"closed","template":"","meta":{"neve_meta_sidebar":"","neve_meta_container":"","neve_meta_enable_content_width":"","neve_meta_content_width":0,"neve_meta_title_alignment":"","neve_meta_author_avatar":"","neve_post_elements_order":"","neve_meta_disable_header":"","neve_meta_disable_footer":"","neve_meta_disable_title":"on","footnotes":""},"class_list":["post-21","page","type-page","status-publish","hentry"],"yoast_head":"<!-- This site is optimized with the Yoast SEO plugin v23.2 - https:\/\/yoast.com\/wordpress\/plugins\/seo\/ -->\n<title>Glasreinigung - Kiel-Reinigung<\/title>\n<meta name=\"robots\" content=\"index, follow, max-snippet:-1, max-image-preview:large, max-video-preview:-1\" \/>\n<link rel=\"canonical\" href=\"https:\/\/kiel-reinigung.de\/?page_id=21\" \/>\n<meta property=\"og:locale\" content=\"de_DE\" \/>\n<meta property=\"og:type\" content=\"article\" \/>\n<meta property=\"og:title\" content=\"Glasreinigung - Kiel-Reinigung\" \/>\n<meta property=\"og:description\" content=\"Glasreinigung Die Fenster sind die Visitenkarte Ihrer Immobilie. Unsere Fensterreinigung sorgt f\u00fcr ein sauberes Erscheinungsbild. Ein flexibler Einsatz, eine kurzfristige Terminvereinbarung und professionelle Reinigungsger\u00e4te sorgen daf\u00fcr dass es bei Ihnen wieder gl\u00e4nzt. Ob Innen oder Au\u00dfen und mit oder ohne Rahmen &#8230; wir verwenden f\u00fcr alles das richtige Reinigungsmittel.\" \/>\n<meta property=\"og:url\" content=\"https:\/\/kiel-reinigung.de\/?page_id=21\" \/>\n<meta property=\"og:site_name\" content=\"Kiel-Reinigung\" \/>\n<meta property=\"article:modified_time\" content=\"2024-10-09T06:43:13+00:00\" \/>\n<meta name=\"twitter:card\" content=\"summary_large_image\" \/>\n<meta name=\"twitter:label1\" content=\"Gesch\u00e4tzte Lesezeit\" \/>\n\t<meta name=\"twitter:data1\" content=\"1\u00a0Minute\" \/>\n<script type=\"application\/ld+json\" class=\"yoast-schema-graph\">{\"@context\":\"https:\/\/schema.org\",\"@graph\":[{\"@type\":\"WebPage\",\"@id\":\"https:\/\/kiel-reinigung.de\/?page_id=21\",\"url\":\"https:\/\/kiel-reinigung.de\/?page_id=21\",\"name\":\"Glasreinigung - Kiel-Reinigung\",\"isPartOf\":{\"@id\":\"https:\/\/kiel-reinigung.de\/#website\"},\"datePublished\":\"2024-08-19T11:37:40+00:00\",\"dateModified\":\"2024-10-09T06:43:13+00:00\",\"breadcrumb\":{\"@id\":\"https:\/\/kiel-reinigung.de\/?page_id=21#breadcrumb\"},\"inLanguage\":\"de\",\"potentialAction\":[{\"@type\":\"ReadAction\",\"target\":[\"https:\/\/kiel-reinigung.de\/?page_id=21\"]}]},{\"@type\":\"BreadcrumbList\",\"@id\":\"https:\/\/kiel-reinigung.de\/?page_id=21#breadcrumb\",\"itemListElement\":[{\"@type\":\"ListItem\",\"position\":1,\"name\":\"Startseite\",\"item\":\"https:\/\/kiel-reinigung.de\/\"},{\"@type\":\"ListItem\",\"position\":2,\"name\":\"Glasreinigung\"}]},{\"@type\":\"WebSite\",\"@id\":\"https:\/\/kiel-reinigung.de\/#website\",\"url\":\"https:\/\/kiel-reinigung.de\/\",\"name\":\"Kiel-Reinigung\",\"description\":\"\",\"potentialAction\":[{\"@type\":\"SearchAction\",\"target\":{\"@type\":\"EntryPoint\",\"urlTemplate\":\"https:\/\/kiel-reinigung.de\/?s={search_term_string}\"},\"query-input\":\"required name=search_term_string\"}],\"inLanguage\":\"de\"}]}<\/script>\n<!-- \/ Yoast SEO plugin. -->","yoast_head_json":{"title":"Glasreinigung - Kiel-Reinigung","robots":{"index":"index","follow":"follow","max-snippet":"max-snippet:-1","max-image-preview":"max-image-preview:large","max-video-preview":"max-video-preview:-1"},"canonical":"https:\/\/kiel-reinigung.de\/?page_id=21","og_locale":"de_DE","og_type":"article","og_title":"Glasreinigung - Kiel-Reinigung","og_description":"Glasreinigung Die Fenster sind die Visitenkarte Ihrer Immobilie. Unsere Fensterreinigung sorgt f\u00fcr ein sauberes Erscheinungsbild. Ein flexibler Einsatz, eine kurzfristige Terminvereinbarung und professionelle Reinigungsger\u00e4te sorgen daf\u00fcr dass es bei Ihnen wieder gl\u00e4nzt. Ob Innen oder Au\u00dfen und mit oder ohne Rahmen &#8230; wir verwenden f\u00fcr alles das richtige Reinigungsmittel.","og_url":"https:\/\/kiel-reinigung.de\/?page_id=21","og_site_name":"Kiel-Reinigung","article_modified_time":"2024-10-09T06:43:13+00:00","twitter_card":"summary_large_image","twitter_misc":{"Gesch\u00e4tzte Lesezeit":"1\u00a0Minute"},"schema":{"@context":"https:\/\/schema.org","@graph":[{"@type":"WebPage","@id":"https:\/\/kiel-reinigung.de\/?page_id=21","url":"https:\/\/kiel-reinigung.de\/?page_id=21","name":"Glasreinigung - Kiel-Reinigung","isPartOf":{"@id":"https:\/\/kiel-reinigung.de\/#website"},"datePublished":"2024-08-19T11:37:40+00:00","dateModified":"2024-10-09T06:43:13+00:00","breadcrumb":{"@id":"https:\/\/kiel-reinigung.de\/?page_id=21#breadcrumb"},"inLanguage":"de","potentialAction":[{"@type":"ReadAction","target":["https:\/\/kiel-reinigung.de\/?page_id=21"]}]},{"@type":"BreadcrumbList","@id":"https:\/\/kiel-reinigung.de\/?page_id=21#breadcrumb","itemListElement":[{"@type":"ListItem","position":1,"name":"Startseite","item":"https:\/\/kiel-reinigung.de\/"},{"@type":"ListItem","position":2,"name":"Glasreinigung"}]},{"@type":"WebSite","@id":"https:\/\/kiel-reinigung.de\/#website","url":"https:\/\/kiel-reinigung.de\/","name":"Kiel-Reinigung","description":"","potentialAction":[{"@type":"SearchAction","target":{"@type":"EntryPoint","urlTemplate":"https:\/\/kiel-reinigung.de\/?s={search_term_string}"},"query-input":"required name=search_term_string"}],"inLanguage":"de"}]}},"_links":{"self":[{"href":"https:\/\/kiel-reinigung.de\/index.php?rest_route=\/wp\/v2\/pages\/21","targetHints":{"allow":["GET"]}}],"collection":[{"href":"https:\/\/kiel-reinigung.de\/index.php?rest_route=\/wp\/v2\/pages"}],"about":[{"href":"https:\/\/kiel-reinigung.de\/index.php?rest_route=\/wp\/v2\/types\/page"}],"author":[{"embeddable":true,"href":"https:\/\/kiel-reinigung.de\/index.php?rest_route=\/wp\/v2\/users\/1"}],"replies":[{"embeddable":true,"href":"https:\/\/kiel-reinigung.de\/index.php?rest_route=%2Fwp%2Fv2%2Fcomments&post=21"}],"version-history":[{"count":3,"href":"https:\/\/kiel-reinigung.de\/index.php?rest_route=\/wp\/v2\/pages\/21\/revisions"}],"predecessor-version":[{"id":74,"href":"https:\/\/kiel-reinigung.de\/index.php?rest_route=\/wp\/v2\/pages\/21\/revisions\/74"}],"wp:attachment":[{"href":"https:\/\/kiel-reinigung.de\/index.php?rest_route=%2Fwp%2Fv2%2Fmedia&parent=21"}],"curies":[{"name":"wp","href":"https:\/\/api.w.org\/{rel}","templated":true}]}}