{"id":27,"date":"2024-08-22T08:44:34","date_gmt":"2024-08-22T08:44:34","guid":{"rendered":"https:\/\/kiel-reinigung.de\/?page_id=27"},"modified":"2024-10-09T06:28:35","modified_gmt":"2024-10-09T06:28:35","slug":"27-2","status":"publish","type":"page","link":"https:\/\/kiel-reinigung.de\/","title":{"rendered":"Startseite"},"content":{"rendered":"<div class=\"n2_clear\"><ss3-force-full-width data-overflow-x=\"body\" data-horizontal-selector=\"body\"><div class=\"n2-section-smartslider fitvidsignore  n2_clear\" data-ssid=\"3\"><div id=\"n2-ss-3-align\" class=\"n2-ss-align\"><div class=\"n2-padding\"><div id=\"n2-ss-3\" data-creator=\"Smart Slider 3\" data-responsive=\"fullwidth\" class=\"n2-ss-slider n2-ow n2-has-hover n2notransition  \"><div class=\"n2-ss-slider-wrapper-inside\">\n        <div class=\"n2-ss-slider-1 n2_ss__touch_element n2-ow\">\n            <div class=\"n2-ss-slider-2 n2-ow\">\n                                                <div class=\"n2-ss-slider-3 n2-ow\">\n\n                    <div class=\"n2-ss-slide-backgrounds n2-ow-all\"><div class=\"n2-ss-slide-background\" data-public-id=\"1\" data-mode=\"fill\"><div class=\"n2-ss-slide-background-image\" data-blur=\"0\" data-opacity=\"100\" data-x=\"50\" data-y=\"50\" data-alt=\"\" data-title=\"\"><picture class=\"skip-lazy jetpack-lazy-image\" data-skip-lazy=\"1\"><img decoding=\"async\" src=\"\/\/kiel-reinigung.de\/wp-content\/uploads\/2024\/08\/Unterhaltsreinigung2.jpg\" alt=\"\" title=\"\" loading=\"lazy\" class=\"skip-lazy jetpack-lazy-image\" data-skip-lazy=\"1\"><\/picture><\/div><div data-color=\"RGBA(255,255,255,0)\" style=\"background-color: RGBA(255,255,255,0);\" class=\"n2-ss-slide-background-color\"><\/div><\/div><div class=\"n2-ss-slide-background\" data-public-id=\"2\" data-mode=\"fill\"><div class=\"n2-ss-slide-background-image\" data-blur=\"0\" data-opacity=\"100\" data-x=\"50\" data-y=\"50\" data-alt=\"\" data-title=\"\"><picture class=\"skip-lazy jetpack-lazy-image\" data-skip-lazy=\"1\"><img decoding=\"async\" src=\"\/\/kiel-reinigung.de\/wp-content\/uploads\/2024\/08\/glasreinigung2.jpg\" alt=\"\" title=\"\" loading=\"lazy\" class=\"skip-lazy jetpack-lazy-image\" data-skip-lazy=\"1\"><\/picture><\/div><div data-color=\"RGBA(255,255,255,0)\" style=\"background-color: RGBA(255,255,255,0);\" class=\"n2-ss-slide-background-color\"><\/div><\/div><\/div>                    <div class=\"n2-ss-slider-4 n2-ow\">\n                        <svg xmlns=\"http:\/\/www.w3.org\/2000\/svg\" viewBox=\"0 0 1200 600\" data-related-device=\"desktopPortrait\" class=\"n2-ow n2-ss-preserve-size n2-ss-preserve-size--slider n2-ss-slide-limiter\"><\/svg><div data-first=\"1\" data-slide-duration=\"0\" data-id=\"4\" data-slide-public-id=\"1\" data-title=\"Startseite 1\" class=\"n2-ss-slide n2-ow  n2-ss-slide-4\"><div role=\"note\" class=\"n2-ss-slide--focus\" tabindex=\"-1\">Startseite 1<\/div><div class=\"n2-ss-layers-container n2-ss-slide-limiter n2-ow\"><div class=\"n2-ss-layer n2-ow n-uc-ZkUsiN5aJzOE\" data-sstype=\"slide\" data-pm=\"default\"><div class=\"n2-ss-layer n2-ow n-uc-zJIaWMBko0mO\" data-pm=\"default\" data-sstype=\"content\" data-hasbackground=\"0\"><div class=\"n2-ss-section-main-content n2-ss-layer-with-background n2-ss-layer-content n2-ow n-uc-zJIaWMBko0mO-inner\"><div class=\"n2-ss-layer n2-ow n-uc-hajybDzQdpO8\" data-pm=\"absolute\" data-responsiveposition=\"1\" data-desktopportraitleft=\"-194\" data-desktopportraittop=\"-72\" data-responsivesize=\"1\" data-desktopportraitwidth=\"687\" data-desktopportraitheight=\"auto\" data-desktopportraitalign=\"center\" data-desktopportraitvalign=\"middle\" data-parentid=\"\" data-desktopportraitparentalign=\"center\" data-desktopportraitparentvalign=\"middle\" data-sstype=\"layer\"><div class=\"n2-ss-item-content n2-ss-text n2-ow-all\"><div class=\"\"><p class=\"n2-font-93b3bb91136eb59a63df085d34f25ae7-paragraph   \">Ihr Partner f\u00fcr eine<br \/>\ngr\u00fcndliche  &amp; schnelle Reinigung!<\/p>\n<\/div><\/div><\/div><div class=\"n2-ss-layer n2-ow n-uc-OUx3ImxsQ6dt\" data-pm=\"absolute\" data-responsiveposition=\"1\" data-desktopportraitleft=\"-220\" data-desktopportraittop=\"95\" data-responsivesize=\"1\" data-desktopportraitwidth=\"634\" data-desktopportraitheight=\"auto\" data-desktopportraitalign=\"center\" data-desktopportraitvalign=\"middle\" data-parentid=\"\" data-desktopportraitparentalign=\"center\" data-desktopportraitparentvalign=\"middle\" data-sstype=\"layer\"><div class=\"n2-ss-item-content n2-ss-text n2-ow-all\"><div class=\"\"><p class=\"n2-font-596b777c187880536fc4a7b81d33aa1e-paragraph   \">Ob gewerblich oder privat &#8230; wir arbeiten schnell, sauber und zuverl\u00e4ssig.<\/p>\n<\/div><\/div><\/div><div class=\"n2-ss-layer n2-ow n-uc-IbOmH2Ve3IQo n2-ss-layer--auto\" data-pm=\"absolute\" data-responsiveposition=\"1\" data-desktopportraitleft=\"-475\" data-desktopportraittop=\"191\" data-responsivesize=\"1\" data-desktopportraitwidth=\"125\" data-desktopportraitheight=\"auto\" data-desktopportraitalign=\"center\" data-desktopportraitvalign=\"middle\" data-parentid=\"\" data-desktopportraitparentalign=\"center\" data-desktopportraitparentvalign=\"middle\" data-sstype=\"layer\"><div class=\"n2-ss-button-container n2-ss-item-content n2-ow n2-font-176464dee0eea5b1ac11b21dab9b24d2-link  n2-ss-nowrap n2-ss-button-container--non-full-width\"><a class=\"n2-style-38e92268869a8666efc8e1a8b0eebfdb-heading  n2-ow \" href=\"tel:+495813897460\"><div><div>ANRUFEN<\/div><\/div><\/a><\/div><\/div><div class=\"n2-ss-layer n2-ow n-uc-W8AjaU4tranF n2-ss-layer--auto\" data-pm=\"absolute\" data-responsiveposition=\"1\" data-desktopportraitleft=\"-296\" data-desktopportraittop=\"191\" data-responsivesize=\"1\" data-desktopportraitwidth=\"186\" data-desktopportraitheight=\"auto\" data-desktopportraitalign=\"center\" data-desktopportraitvalign=\"middle\" data-parentid=\"\" data-desktopportraitparentalign=\"center\" data-desktopportraitparentvalign=\"middle\" data-sstype=\"layer\"><div class=\"n2-ss-button-container n2-ss-item-content n2-ow n2-font-176464dee0eea5b1ac11b21dab9b24d2-link  n2-ss-nowrap n2-ss-button-container--non-full-width\"><a class=\"n2-style-65b8525480f6bd30e710d4706e112bb7-heading  n2-ow \" href=\"mailto:info@kiel-reinigung.de\"><div><div>ANFRAGE PER MAIL<\/div><\/div><\/a><\/div><\/div><\/div><\/div><\/div><\/div><\/div><div data-slide-duration=\"0\" data-id=\"5\" data-slide-public-id=\"2\" data-title=\"Startseite 2\" class=\"n2-ss-slide n2-ow  n2-ss-slide-5\"><div role=\"note\" class=\"n2-ss-slide--focus\" tabindex=\"-1\">Startseite 2<\/div><div class=\"n2-ss-layers-container n2-ss-slide-limiter n2-ow\"><div class=\"n2-ss-layer n2-ow n-uc-SiC2mAvK5GxT\" data-sstype=\"slide\" data-pm=\"default\"><div class=\"n2-ss-layer n2-ow n-uc-lkVNKCjDmNCM\" data-pm=\"default\" data-sstype=\"content\" data-hasbackground=\"0\"><div class=\"n2-ss-section-main-content n2-ss-layer-with-background n2-ss-layer-content n2-ow n-uc-lkVNKCjDmNCM-inner\"><div class=\"n2-ss-layer n2-ow n-uc-PcG2nf3EawPh\" data-pm=\"absolute\" data-responsiveposition=\"1\" data-desktopportraitleft=\"-274\" data-desktopportraittop=\"-48\" data-responsivesize=\"1\" data-desktopportraitwidth=\"527\" data-desktopportraitheight=\"auto\" data-desktopportraitalign=\"center\" data-desktopportraitvalign=\"middle\" data-parentid=\"\" data-desktopportraitparentalign=\"center\" data-desktopportraitparentvalign=\"middle\" data-sstype=\"layer\"><div class=\"n2-ss-item-content n2-ss-text n2-ow-all\"><div class=\"\"><p class=\"n2-font-93b3bb91136eb59a63df085d34f25ae7-paragraph   \">Wir sorgen f\u00fcr ein klares und sauberes Umfeld!<\/p>\n<\/div><\/div><\/div><div class=\"n2-ss-layer n2-ow n-uc-YBQi1X72CTLQ\" data-pm=\"absolute\" data-responsiveposition=\"1\" data-desktopportraitleft=\"-220\" data-desktopportraittop=\"95\" data-responsivesize=\"1\" data-desktopportraitwidth=\"634\" data-desktopportraitheight=\"auto\" data-desktopportraitalign=\"center\" data-desktopportraitvalign=\"middle\" data-parentid=\"\" data-desktopportraitparentalign=\"center\" data-desktopportraitparentvalign=\"middle\" data-sstype=\"layer\"><div class=\"n2-ss-item-content n2-ss-text n2-ow-all\"><div class=\"\"><p class=\"n2-font-596b777c187880536fc4a7b81d33aa1e-paragraph   \">Wir bringen Ihre Glaselemente wieder<br \/>\n auf Hochglanz<\/p>\n<\/div><\/div><\/div><div class=\"n2-ss-layer n2-ow n-uc-vb7XTsS8zyfe n2-ss-layer--auto\" data-pm=\"absolute\" data-responsiveposition=\"1\" data-desktopportraitleft=\"-475\" data-desktopportraittop=\"191\" data-responsivesize=\"1\" data-desktopportraitwidth=\"125\" data-desktopportraitheight=\"auto\" data-desktopportraitalign=\"center\" data-desktopportraitvalign=\"middle\" data-parentid=\"\" data-desktopportraitparentalign=\"center\" data-desktopportraitparentvalign=\"middle\" data-sstype=\"layer\"><div class=\"n2-ss-button-container n2-ss-item-content n2-ow n2-font-176464dee0eea5b1ac11b21dab9b24d2-link  n2-ss-nowrap n2-ss-button-container--non-full-width\"><a class=\"n2-style-38e92268869a8666efc8e1a8b0eebfdb-heading  n2-ow \" href=\"tel:+495813897460\"><div><div>ANRUFEN<\/div><\/div><\/a><\/div><\/div><div class=\"n2-ss-layer n2-ow n-uc-zPNu5HE2exM6 n2-ss-layer--auto\" data-pm=\"absolute\" data-responsiveposition=\"1\" data-desktopportraitleft=\"-296\" data-desktopportraittop=\"191\" data-responsivesize=\"1\" data-desktopportraitwidth=\"186\" data-desktopportraitheight=\"auto\" data-desktopportraitalign=\"center\" data-desktopportraitvalign=\"middle\" data-parentid=\"\" data-desktopportraitparentalign=\"center\" data-desktopportraitparentvalign=\"middle\" data-sstype=\"layer\"><div class=\"n2-ss-button-container n2-ss-item-content n2-ow n2-font-176464dee0eea5b1ac11b21dab9b24d2-link  n2-ss-nowrap n2-ss-button-container--non-full-width\"><a class=\"n2-style-65b8525480f6bd30e710d4706e112bb7-heading  n2-ow \" href=\"mailto:info@kiel-reinigung.de\"><div><div>ANFRAGE PER MAIL<\/div><\/div><\/a><\/div><\/div><\/div><\/div><\/div><\/div><\/div>                    <\/div>\n\n                                    <\/div>\n            <\/div>\n        <\/div>\n        <div class=\"n2-ss-slider-controls n2-ss-slider-controls-absolute-left-center\"><div style=\"--widget-offset:15px;\" class=\"n2-ss-widget nextend-arrow n2-ow-all nextend-arrow-previous  nextend-arrow-animated-fade\" data-hide-mobileportrait=\"1\" id=\"n2-ss-3-arrow-previous\" role=\"button\" aria-label=\"previous arrow\" tabindex=\"0\"><img loading=\"lazy\" decoding=\"async\" width=\"32\" height=\"32\" class=\"skip-lazy jetpack-lazy-image\" data-skip-lazy=\"1\" src=\"data:image\/svg+xml;base64,PHN2ZyB3aWR0aD0iMzIiIGhlaWdodD0iMzIiIHZpZXdCb3g9IjAgMCAzMiAzMiIgeG1sbnM9Imh0dHA6Ly93d3cudzMub3JnLzIwMDAvc3ZnIj4KICAgIDxwYXRoIGQ9Ik0xMS40MzMgMTUuOTkyTDIyLjY5IDUuNzEyYy4zOTMtLjM5LjM5My0xLjAzIDAtMS40Mi0uMzkzLS4zOS0xLjAzLS4zOS0xLjQyMyAwbC0xMS45OCAxMC45NGMtLjIxLjIxLS4zLjQ5LS4yODUuNzYtLjAxNS4yOC4wNzUuNTYuMjg0Ljc3bDExLjk4IDEwLjk0Yy4zOTMuMzkgMS4wMy4zOSAxLjQyNCAwIC4zOTMtLjQuMzkzLTEuMDMgMC0xLjQybC0xMS4yNTctMTAuMjkiCiAgICAgICAgICBmaWxsPSIjZmZmZmZmIiBvcGFjaXR5PSIwLjgiIGZpbGwtcnVsZT0iZXZlbm9kZCIvPgo8L3N2Zz4=\" alt=\"previous arrow\"><\/div><\/div><div class=\"n2-ss-slider-controls n2-ss-slider-controls-absolute-right-center\"><div style=\"--widget-offset:15px;\" class=\"n2-ss-widget nextend-arrow n2-ow-all nextend-arrow-next  nextend-arrow-animated-fade\" data-hide-mobileportrait=\"1\" id=\"n2-ss-3-arrow-next\" role=\"button\" aria-label=\"next arrow\" tabindex=\"0\"><img loading=\"lazy\" decoding=\"async\" width=\"32\" height=\"32\" class=\"skip-lazy jetpack-lazy-image\" data-skip-lazy=\"1\" src=\"data:image\/svg+xml;base64,PHN2ZyB3aWR0aD0iMzIiIGhlaWdodD0iMzIiIHZpZXdCb3g9IjAgMCAzMiAzMiIgeG1sbnM9Imh0dHA6Ly93d3cudzMub3JnLzIwMDAvc3ZnIj4KICAgIDxwYXRoIGQ9Ik0xMC43MjIgNC4yOTNjLS4zOTQtLjM5LTEuMDMyLS4zOS0xLjQyNyAwLS4zOTMuMzktLjM5MyAxLjAzIDAgMS40MmwxMS4yODMgMTAuMjgtMTEuMjgzIDEwLjI5Yy0uMzkzLjM5LS4zOTMgMS4wMiAwIDEuNDIuMzk1LjM5IDEuMDMzLjM5IDEuNDI3IDBsMTIuMDA3LTEwLjk0Yy4yMS0uMjEuMy0uNDkuMjg0LS43Ny4wMTQtLjI3LS4wNzYtLjU1LS4yODYtLjc2TDEwLjcyIDQuMjkzeiIKICAgICAgICAgIGZpbGw9IiNmZmZmZmYiIG9wYWNpdHk9IjAuOCIgZmlsbC1ydWxlPSJldmVub2RkIi8+Cjwvc3ZnPg==\" alt=\"next arrow\"><\/div><\/div><\/div><\/div><ss3-loader><\/ss3-loader><\/div><\/div><div class=\"n2_clear\"><\/div><\/div><\/ss3-force-full-width><\/div>\n\n\n<div class=\"wp-block-columns is-layout-flex wp-container-core-columns-is-layout-9d6595d7 wp-block-columns-is-layout-flex\">\n<div class=\"wp-block-column is-layout-flow wp-block-column-is-layout-flow\">\n<div class=\"wp-block-columns is-layout-flex wp-container-core-columns-is-layout-f2dca054 wp-block-columns-is-layout-flex\" style=\"margin-top:50px\">\n<div class=\"wp-block-column is-layout-flow wp-block-column-is-layout-flow\"><\/div>\n<\/div>\n<\/div>\n<\/div>\n\n\n\n<div class=\"wp-block-columns is-layout-flex wp-container-core-columns-is-layout-9d6595d7 wp-block-columns-is-layout-flex\">\n<div class=\"wp-block-column is-layout-flow wp-block-column-is-layout-flow\"><\/div>\n\n\n\n<div class=\"wp-block-column is-layout-flow wp-block-column-is-layout-flow\" style=\"padding-right:30px;padding-left:30px;flex-basis:600px\">\n<h3 class=\"wp-block-heading has-text-align-left has-text-color\" style=\"color:#45423f\">Reinigungskr\u00e4fte auf die Sie sich <br>verlassen k\u00f6nnen!<\/h3>\n\n\n\n<p><\/p>\n\n\n\n<p>Sauberkeit und Ordnung geh\u00f6ren mit zu den wichtigsten Bed\u00fcrfnissen des Menschen. Deshalb arbeitet unser Reinigungsdienst daran dass Sie sich sowohl privat, als auch bei der Arbeit rundum wohlf\u00fchlen. Unser Angebot f\u00fcr gewerbliche und private Kunden umfasst u.a. Unterhaltsreinigung, Fensterreinigung, Bauendreinigung, Treppenhausreinigung und Sonderreinigung.<\/p>\n\n\n\n<p>Anfragen nehmen wir per Email an<a href=\"mailto:info@kiel-reinigung.de\"> info@kiel-reinigung.de<\/a> oder telefonisch unter <a href=\"tel:+495813897460\">0581 \/ 389 7460<\/a> (Mo-Fr zwischen 9 und 15 Uhr) entgegen. Wir erstellen Ihnen gerne ein kostenloses Angebot, welches Ihren Bed\u00fcrfnissen entspricht.<\/p>\n\n\n\n<p>Unser Einsatzgebiet umfasst Kiel und Umgebung. Unser Team ist aber auch im Rest von ganz Norddeutschland f\u00fcr Sie im Einsatz &#8230; also sollten Sie unseren Service auch in anderen Gebieten ben\u00f6tigen, finden wir sicherlich eine L\u00f6sung.<\/p>\n\n\n\n<p class=\"has-text-align-left has-text-color\" style=\"color:#0086c8\"><\/p>\n\n\n\n<p><\/p>\n\n\n\n<p><\/p>\n<\/div>\n\n\n\n<div class=\"wp-block-column is-layout-flow wp-block-column-is-layout-flow\" style=\"flex-basis:170px\">\n<p class=\"has-text-align-center has-text-color\" style=\"color:#0086c8\"><\/p>\n<\/div>\n\n\n\n<div class=\"wp-block-column is-layout-flow wp-block-column-is-layout-flow\" style=\"flex-basis:300px\">\n<p class=\"has-text-align-center has-text-color\" style=\"color:#0086c8\"><\/p>\n<\/div>\n\n\n\n<div class=\"wp-block-column is-layout-flow wp-block-column-is-layout-flow\"><\/div>\n<\/div>\n\n\n\n<div class=\"wp-block-columns is-layout-flex wp-container-core-columns-is-layout-f2dca054 wp-block-columns-is-layout-flex\" style=\"margin-top:50px\"><\/div>\n\n\n\n<h3 class=\"wp-block-heading has-text-align-center has-text-color\" style=\"color:#0086c8\"><\/h3>\n\n\n\n<div class=\"wp-block-columns is-layout-flex wp-container-core-columns-is-layout-f2dca054 wp-block-columns-is-layout-flex\" style=\"margin-top:50px\">\n<div class=\"wp-block-column is-layout-flow wp-block-column-is-layout-flow\" style=\"flex-basis:100%\">\n<div class=\"wp-block-columns is-layout-flex wp-container-core-columns-is-layout-9d6595d7 wp-block-columns-is-layout-flex\">\n<div class=\"wp-block-column is-layout-flow wp-block-column-is-layout-flow\"><\/div>\n<\/div>\n<\/div>\n<\/div>\n\n\n\n<p><\/p>\n\n\n\n<div style=\"height:80px\" aria-hidden=\"true\" class=\"wp-block-spacer\"><\/div>\n\n\n\n<div class=\"wp-block-columns is-layout-flex wp-container-core-columns-is-layout-9d6595d7 wp-block-columns-is-layout-flex\">\n<div class=\"wp-block-column is-layout-flow wp-block-column-is-layout-flow\" style=\"flex-basis:100%\"><\/div>\n<\/div>\n","protected":false},"excerpt":{"rendered":"<p>Reinigungskr\u00e4fte auf die Sie sich verlassen k\u00f6nnen! Sauberkeit und Ordnung geh\u00f6ren mit zu den wichtigsten Bed\u00fcrfnissen des Menschen. Deshalb arbeitet unser Reinigungsdienst daran dass Sie sich sowohl privat, als auch bei der Arbeit rundum wohlf\u00fchlen. Unser Angebot f\u00fcr gewerbliche und private Kunden umfasst u.a. Unterhaltsreinigung, Fensterreinigung, Bauendreinigung, Treppenhausreinigung und Sonderreinigung. Anfragen nehmen wir per Email&hellip;&nbsp;<a href=\"https:\/\/kiel-reinigung.de\/\" class=\"\" rel=\"bookmark\">Weiterlesen &raquo;<span class=\"screen-reader-text\">Startseite<\/span><\/a><\/p>\n","protected":false},"author":1,"featured_media":0,"parent":0,"menu_order":0,"comment_status":"closed","ping_status":"closed","template":"","meta":{"neve_meta_sidebar":"","neve_meta_container":"","neve_meta_enable_content_width":"","neve_meta_content_width":0,"neve_meta_title_alignment":"","neve_meta_author_avatar":"","neve_post_elements_order":"","neve_meta_disable_header":"","neve_meta_disable_footer":"on","neve_meta_disable_title":"on","footnotes":""},"class_list":["post-27","page","type-page","status-publish","hentry"],"yoast_head":"<!-- This site is optimized with the Yoast SEO plugin v23.2 - https:\/\/yoast.com\/wordpress\/plugins\/seo\/ -->\n<title>Startseite - Kiel-Reinigung<\/title>\n<meta name=\"robots\" content=\"index, follow, max-snippet:-1, max-image-preview:large, max-video-preview:-1\" \/>\n<link rel=\"canonical\" href=\"https:\/\/kiel-reinigung.de\/\" \/>\n<meta property=\"og:locale\" content=\"de_DE\" \/>\n<meta property=\"og:type\" content=\"article\" \/>\n<meta property=\"og:title\" content=\"Startseite - Kiel-Reinigung\" \/>\n<meta property=\"og:description\" content=\"Reinigungskr\u00e4fte auf die Sie sich verlassen k\u00f6nnen! Sauberkeit und Ordnung geh\u00f6ren mit zu den wichtigsten Bed\u00fcrfnissen des Menschen. Deshalb arbeitet unser Reinigungsdienst daran dass Sie sich sowohl privat, als auch bei der Arbeit rundum wohlf\u00fchlen. Unser Angebot f\u00fcr gewerbliche und private Kunden umfasst u.a. Unterhaltsreinigung, Fensterreinigung, Bauendreinigung, Treppenhausreinigung und Sonderreinigung. Anfragen nehmen wir per Email&hellip;&nbsp;Weiterlesen &raquo;Startseite\" \/>\n<meta property=\"og:url\" content=\"https:\/\/kiel-reinigung.de\/\" \/>\n<meta property=\"og:site_name\" content=\"Kiel-Reinigung\" \/>\n<meta property=\"article:modified_time\" content=\"2024-10-09T06:28:35+00:00\" \/>\n<meta name=\"twitter:card\" content=\"summary_large_image\" \/>\n<meta name=\"twitter:label1\" content=\"Gesch\u00e4tzte Lesezeit\" \/>\n\t<meta name=\"twitter:data1\" content=\"1\u00a0Minute\" \/>\n<script type=\"application\/ld+json\" class=\"yoast-schema-graph\">{\"@context\":\"https:\/\/schema.org\",\"@graph\":[{\"@type\":\"WebPage\",\"@id\":\"https:\/\/kiel-reinigung.de\/\",\"url\":\"https:\/\/kiel-reinigung.de\/\",\"name\":\"Startseite - Kiel-Reinigung\",\"isPartOf\":{\"@id\":\"https:\/\/kiel-reinigung.de\/#website\"},\"datePublished\":\"2024-08-22T08:44:34+00:00\",\"dateModified\":\"2024-10-09T06:28:35+00:00\",\"breadcrumb\":{\"@id\":\"https:\/\/kiel-reinigung.de\/#breadcrumb\"},\"inLanguage\":\"de\",\"potentialAction\":[{\"@type\":\"ReadAction\",\"target\":[\"https:\/\/kiel-reinigung.de\/\"]}]},{\"@type\":\"BreadcrumbList\",\"@id\":\"https:\/\/kiel-reinigung.de\/#breadcrumb\",\"itemListElement\":[{\"@type\":\"ListItem\",\"position\":1,\"name\":\"Startseite\",\"item\":\"https:\/\/kiel-reinigung.de\/\"},{\"@type\":\"ListItem\",\"position\":2,\"name\":\"Startseite\"}]},{\"@type\":\"WebSite\",\"@id\":\"https:\/\/kiel-reinigung.de\/#website\",\"url\":\"https:\/\/kiel-reinigung.de\/\",\"name\":\"Kiel-Reinigung\",\"description\":\"\",\"potentialAction\":[{\"@type\":\"SearchAction\",\"target\":{\"@type\":\"EntryPoint\",\"urlTemplate\":\"https:\/\/kiel-reinigung.de\/?s={search_term_string}\"},\"query-input\":\"required name=search_term_string\"}],\"inLanguage\":\"de\"}]}<\/script>\n<!-- \/ Yoast SEO plugin. -->","yoast_head_json":{"title":"Startseite - Kiel-Reinigung","robots":{"index":"index","follow":"follow","max-snippet":"max-snippet:-1","max-image-preview":"max-image-preview:large","max-video-preview":"max-video-preview:-1"},"canonical":"https:\/\/kiel-reinigung.de\/","og_locale":"de_DE","og_type":"article","og_title":"Startseite - Kiel-Reinigung","og_description":"Reinigungskr\u00e4fte auf die Sie sich verlassen k\u00f6nnen! Sauberkeit und Ordnung geh\u00f6ren mit zu den wichtigsten Bed\u00fcrfnissen des Menschen. Deshalb arbeitet unser Reinigungsdienst daran dass Sie sich sowohl privat, als auch bei der Arbeit rundum wohlf\u00fchlen. Unser Angebot f\u00fcr gewerbliche und private Kunden umfasst u.a. Unterhaltsreinigung, Fensterreinigung, Bauendreinigung, Treppenhausreinigung und Sonderreinigung. Anfragen nehmen wir per Email&hellip;&nbsp;Weiterlesen &raquo;Startseite","og_url":"https:\/\/kiel-reinigung.de\/","og_site_name":"Kiel-Reinigung","article_modified_time":"2024-10-09T06:28:35+00:00","twitter_card":"summary_large_image","twitter_misc":{"Gesch\u00e4tzte Lesezeit":"1\u00a0Minute"},"schema":{"@context":"https:\/\/schema.org","@graph":[{"@type":"WebPage","@id":"https:\/\/kiel-reinigung.de\/","url":"https:\/\/kiel-reinigung.de\/","name":"Startseite - Kiel-Reinigung","isPartOf":{"@id":"https:\/\/kiel-reinigung.de\/#website"},"datePublished":"2024-08-22T08:44:34+00:00","dateModified":"2024-10-09T06:28:35+00:00","breadcrumb":{"@id":"https:\/\/kiel-reinigung.de\/#breadcrumb"},"inLanguage":"de","potentialAction":[{"@type":"ReadAction","target":["https:\/\/kiel-reinigung.de\/"]}]},{"@type":"BreadcrumbList","@id":"https:\/\/kiel-reinigung.de\/#breadcrumb","itemListElement":[{"@type":"ListItem","position":1,"name":"Startseite","item":"https:\/\/kiel-reinigung.de\/"},{"@type":"ListItem","position":2,"name":"Startseite"}]},{"@type":"WebSite","@id":"https:\/\/kiel-reinigung.de\/#website","url":"https:\/\/kiel-reinigung.de\/","name":"Kiel-Reinigung","description":"","potentialAction":[{"@type":"SearchAction","target":{"@type":"EntryPoint","urlTemplate":"https:\/\/kiel-reinigung.de\/?s={search_term_string}"},"query-input":"required name=search_term_string"}],"inLanguage":"de"}]}},"_links":{"self":[{"href":"https:\/\/kiel-reinigung.de\/index.php?rest_route=\/wp\/v2\/pages\/27","targetHints":{"allow":["GET"]}}],"collection":[{"href":"https:\/\/kiel-reinigung.de\/index.php?rest_route=\/wp\/v2\/pages"}],"about":[{"href":"https:\/\/kiel-reinigung.de\/index.php?rest_route=\/wp\/v2\/types\/page"}],"author":[{"embeddable":true,"href":"https:\/\/kiel-reinigung.de\/index.php?rest_route=\/wp\/v2\/users\/1"}],"replies":[{"embeddable":true,"href":"https:\/\/kiel-reinigung.de\/index.php?rest_route=%2Fwp%2Fv2%2Fcomments&post=27"}],"version-history":[{"count":3,"href":"https:\/\/kiel-reinigung.de\/index.php?rest_route=\/wp\/v2\/pages\/27\/revisions"}],"predecessor-version":[{"id":65,"href":"https:\/\/kiel-reinigung.de\/index.php?rest_route=\/wp\/v2\/pages\/27\/revisions\/65"}],"wp:attachment":[{"href":"https:\/\/kiel-reinigung.de\/index.php?rest_route=%2Fwp%2Fv2%2Fmedia&parent=27"}],"curies":[{"name":"wp","href":"https:\/\/api.w.org\/{rel}","templated":true}]}}